{"id":5351,"date":"2016-02-05T13:23:59","date_gmt":"2016-02-05T13:23:59","guid":{"rendered":"http:\/\/landinistria.com\/istraprodajakrsangradevinsko-zemljisteturisticko-zemljistesusnjevicacestica-za-prodajuhotelturisticki-punkt\/"},"modified":"2019-08-22T10:25:26","modified_gmt":"2019-08-22T10:25:26","slug":"istraprodajakrsangradevinsko-zemljisteturisticko-zemljistesusnjevicacestica-za-prodajuhotelturisticki-punkt","status":"publish","type":"page","link":"https:\/\/landinistria.com\/sl\/","title":{"rendered":"Home"},"content":{"rendered":"<p>[vc_row full_width=&#8221;stretch_row&#8221; full_height=&#8221;full_row_height&#8221; equal_height=&#8221;yes&#8221; slider_images=&#8221;5253&#8243; slider_animation=&#8221;fadeZoom&#8221; slider_timeout=&#8221;8&#8243; overlay_color=&#8221;rgba(160,82,45,0.52)&#8221; css=&#8221;.vc_custom_1551785850095{padding-top: 90px !important;padding-bottom: 90px !important;}&#8221;][vc_column][vc_empty_space height=&#8221;15px&#8221;]<div class=\"acoda-writer-wrap supersize center\"><div class=\"acoda-writer-inner\"><h1 class=\"format bold-weight\" style=\"color:#eeee22;\"><span class=\"acoda-writer \" data-type=\"\" data-duration=\"4000\" data-delay=\"100\" data-pause=\"7000\">&nbsp;<span class=\"element\"><span class=\"word\"><span class=\"hide\">P<\/span><span class=\"hide\">R<\/span><span class=\"hide\">O<\/span><span class=\"hide\">D<\/span><span class=\"hide\">A<\/span><span class=\"hide\">J<\/span><span class=\"hide\">A<\/span><span class=\"hide\">&nbsp;<\/span><\/span><span class=\"word\"><span class=\"hide\">Z<\/span><span class=\"hide\">E<\/span><span class=\"hide\">M<\/span><span class=\"hide\">L<\/span><span class=\"hide\">J<\/span><span class=\"hide\">I<\/span><span class=\"hide\">\u0160<\/span><span class=\"hide\">\u010c<\/span><span class=\"hide\">A<\/span><span class=\"hide\">&nbsp;<\/span><\/span><span class=\"word\"><span class=\"hide\">V<\/span><span class=\"hide\">&nbsp;<\/span><\/span><span class=\"word\"><span class=\"hide\">I<\/span><span class=\"hide\">S<\/span><span class=\"hide\">T<\/span><span class=\"hide\">R<\/span><span class=\"hide\">I<\/span><span class=\"hide\">&nbsp;<\/span><\/span><span class=\"word\"><span class=\"hide\">!<\/span><span class=\"hide\">!<\/span><span class=\"hide\">!<\/span><\/span><\/span>&nbsp;<\/span><\/h1><\/div><\/div>[vc_empty_space height=&#8221;15px&#8221;][vc_column_text css_animation=&#8221;bottom-to-top&#8221;]<\/p>\n<h2 style=\"text-align: center; color: #eeee22; text-shadow: 2px 2px #000000;\"><strong>Zasebna oseba prodaja gradbeno turisti\u010dno zemlji\u0161\u010de v velikosti 10.000 m2<\/strong><br \/>\n<strong>samo 26 km oddaljeno od Rabca<\/strong><\/h2>\n<p>[\/vc_column_text][vc_empty_space height=&#8221;15px&#8221;][vc_row_inner][vc_column_inner width=&#8221;1\/2&#8243;][vc_column_text]<\/p>\n<h2 style=\"text-align: center;\"><strong>00 385 91 510 15 82<\/strong><\/h2>\n<p>[\/vc_column_text][\/vc_column_inner][vc_column_inner width=&#8221;1\/2&#8243;][vc_column_text]<\/p>\n<h2 style=\"text-align: center; color: white;\"><a href=\"mailto:info@landinistria.com\"><strong>info@landinistria.com<\/strong><\/a><\/h2>\n<p>[\/vc_column_text][\/vc_column_inner][\/vc_row_inner][vc_empty_space height=&#8221;15px&#8221;][vc_btn title=&#8221;SAZNAJTE VI\u0160E&#8221; style=&#8221;classic&#8221; shape=&#8221;square&#8221; color=&#8221;black&#8221; size=&#8221;lg&#8221; align=&#8221;center&#8221; link=&#8221;url:%23video|||&#8221;][\/vc_column][\/vc_row][vc_row full_width=&#8221;stretch_row&#8221; full_height=&#8221;threequarter_row_height&#8221; css=&#8221;.vc_custom_1551781317639{background-color: #f9f9f9 !important;}&#8221; anchor_link=&#8221;video&#8221;][vc_column][vc_column_text]<\/p>\n<h3 style=\"text-align: center;\"><span class=\"supersize-text\">I\u0161\u010dete gradbeno turisti\u010dno zemlji\u0161\u010de v Istri?<\/span><\/h3>\n<h3 style=\"text-align: center;\">Potem je na\u0161e zemlji\u0161\u010de popolno za uresni\u010ditev Va\u0161ih poslovnih idej.<\/h3>\n<p>[\/vc_column_text][vc_icon icon_fontawesome=&#8221;fa fa-play-circle-o&#8221; color=&#8221;custom&#8221; size=&#8221;xl&#8221; align=&#8221;center&#8221; css_animation=&#8221;pulse&#8221; el_class=&#8221;xlarge-text lightbox&#8221; custom_color=&#8221;#ffd300&#8243; link=&#8221;url:https%3A%2F%2Fyoutu.be%2FF3Mj-HQetg8%23|||&#8221; css=&#8221;.vc_custom_1554202158867{margin-top: 15px !important;}&#8221;][vc_column_text]<\/p>\n<h3 style=\"text-align: center;\">POGLEJ VIDEO<\/h3>\n<p>[\/vc_column_text][\/vc_column][\/vc_row][vc_row full_width=&#8221;stretch_row_content_no_spaces&#8221; content_placement=&#8221;top&#8221; anchor_link=&#8221;lokacija&#8221;][vc_column][vc_empty_space][vc_column_text]<\/p>\n<h3 style=\"text-align: center;\"><span class=\"xlarge-text\">Lokacija zemlji\u0161\u010da<br \/>\n<\/span><\/h3>\n<p>[\/vc_column_text][vc_empty_space height=&#8221;40px&#8221;][vc_row_inner equal_height=&#8221;yes&#8221; content_placement=&#8221;middle&#8221;][vc_column_inner width=&#8221;1\/2&#8243;][vc_gmaps link=&#8221;#E-8_JTNDaWZyYW1lJTIwc3JjJTNEJTIyaHR0cHMlM0ElMkYlMkZ3d3cuZ29vZ2xlLmNvbSUyRm1hcHMlMkZkJTJGZW1iZWQlM0ZtaWQlM0QxR2dibzZyNFJldEJYMmdXRVY1LTZPQWRlWnU0U29sNWIlMjIlMjB3aWR0aCUzRCUyMjEwMCUyNSUyMiUyMGhlaWdodCUzRCUyMjYwMCUyMiUzRSUzQyUyRmlmcmFtZSUzRQ==&#8221;][\/vc_column_inner][vc_column_inner width=&#8221;1\/2&#8243;][vc_column_text css_animation=&#8221;bottom-to-top&#8221; css=&#8221;.vc_custom_1552202558909{padding-right: 20px !important;padding-left: 20px !important;}&#8221;]<\/p>\n<h3 style=\"text-align: center;\">Geodetska uprava: <strong>Labin<\/strong><br \/>\nKatastrska ob\u010dina: <strong>\u0160u\u0161njevica<\/strong><\/h3>\n<h2 style=\"text-align: center;\"><strong>Povr\u0161ina\/m2: 10.091<\/strong><\/h2>\n<h3 style=\"text-align: center;\">Oddaljenost od ve\u010djega mesta: Reka 42 km<\/h3>\n<h3 style=\"text-align: center;\">Oddaljenost od morja: Rabac 26 km<\/h3>\n<p>[\/vc_column_text][\/vc_column_inner][\/vc_row_inner][\/vc_column][\/vc_row][vc_row full_width=&#8221;stretch_row_content_no_spaces&#8221; equal_height=&#8221;yes&#8221;][vc_column width=&#8221;1\/2&#8243;][vc_column_text css_animation=&#8221;bottom-to-top&#8221; css=&#8221;.vc_custom_1554288929149{padding-right: 10px !important;padding-left: 10px !important;}&#8221;]<\/p>\n<h3 style=\"text-align: center;\">Do zemlji\u0161\u010da vodi pribli\u017eno 150 m dolga neasfaltirana pot.<\/h3>\n<p>[\/vc_column_text][vc_row_inner equal_height=&#8221;yes&#8221; content_placement=&#8221;middle&#8221; css=&#8221;.vc_custom_1554286739484{padding-right: 10px !important;padding-left: 10px !important;}&#8221;][vc_column_inner][vc_empty_space][vc_column_text]<\/p>\n<h4 style=\"text-align: center;\"><strong>DOKUMENTI ( download )<br \/>\n<\/strong><\/h4>\n<p>[\/vc_column_text][vc_empty_space][vc_column_text]<\/p>\n<h4 style=\"text-align: center;\"><a href=\"http:\/\/www.krsan.hr\/web\/prostorno-planiranje.asp?subid=1&amp;ko=3\" target=\"_blank\" rel=\"noopener noreferrer\">Prostorni plan ure\u0111enja Op\u0107ine Kr\u0161an <\/a><\/h4>\n<h4 style=\"text-align: center;\"><a href=\"\/wp-content\/uploads\/2019\/04\/Krsan-Master-plan-turizma-do-2025.pdf\" target=\"_blank\" rel=\"noopener noreferrer\">Master plan turizma Op\u0107ine Kr\u0161an od 2017. do 2025.<\/a> ( download dokumenta )<\/h4>\n<h4 style=\"text-align: center;\"><a href=\"\/wp-content\/uploads\/2019\/04\/Krsan-zupanijsko_loviste.pdf\" target=\"_blank\" rel=\"noopener noreferrer\">Lovi\u0161te Op\u0107ine Kr\u0161an<\/a> ( download dokumenta )<\/h4>\n<p>[\/vc_column_text][\/vc_column_inner][\/vc_row_inner][\/vc_column][vc_column width=&#8221;1\/2&#8243;][vc_images_carousel images=&#8221;5257,5258,5259,5260&#8243; img_size=&#8221;full&#8221; autoplay=&#8221;yes&#8221;][\/vc_column][\/vc_row][vc_row][vc_column][vc_empty_space][vc_column_text css_animation=&#8221;bottom-to-top&#8221;]<\/p>\n<h3 style=\"text-align: center;\">Zemlji\u0161\u010de pripada turisti\u010dnemu obmo\u010dju, ozna\u010denim z TP3 oznako, kjer je mogo\u010de graditi za gostinske in turisti\u010dne namene, z maksimalno namestitveno kapaciteto 20 le\u017ei\u0161\u010d na povr\u0161ini od 1,01 ha.<\/h3>\n<p>[\/vc_column_text][vc_empty_space][\/vc_column][\/vc_row][vc_row full_width=&#8221;stretch_row_content_no_spaces&#8221;][vc_column][postgallery_grid data_source=&#8221;data-9&#8243; images_attach=&#8221;5400,5406,5403,5270,5271,5273,5272,5274,5275,5276,5277,5278&#8243; null=&#8221;&#8221; content_type=&#8221;image&#8221; lightbox=&#8221;yes&#8221;][\/vc_column][\/vc_row][vc_row full_width=&#8221;stretch_row&#8221; css=&#8221;.vc_custom_1552204083275{padding-top: 90px !important;padding-bottom: 90px !important;}&#8221; anchor_link=&#8221;zgradnja&#8221;][vc_column][vc_column_text css_animation=&#8221;bottom-to-top&#8221;]<\/p>\n<h3 style=\"text-align: center;\"><span class=\"xlarge-text\">Kaj vse mogo\u010de na zemlji\u0161\u010du zgraditit ?<\/span><\/h3>\n<p>[\/vc_column_text][vc_empty_space][vc_column_text css_animation=&#8221;bottom-to-top&#8221;]<\/p>\n<h3><strong>1. Etnografsko-turisti\u010dni objekt razli\u010dnih vsebin\/ dejavnosti:<br \/>\n<\/strong><\/h3>\n<ul>\n<li>\n<h4>Kot nastanitveni objekt (hotel, motel, vila ), z osnovnimi prostori ( recepcija, shramba, itd..)<\/h4>\n<\/li>\n<li>\n<h4>Restavracijski prostor s tradicionalno kuhinjo ter raznolikimi degustacijami ( od vina, olj, pr\u0161uta, sirov in podobno)<\/h4>\n<\/li>\n<li>\n<h4>Kot objekt za prodajo turisti\u010dnih spominkov, ter za predstavitev tradicionalnega na\u010dina \u017eivljenja in dela. Objekt lahko vsebuje tudi elemente galerije ali etnografskega muzeja.<\/h4>\n<\/li>\n<\/ul>\n<p>[\/vc_column_text][vc_empty_space height=&#8221;40px&#8221;][vc_column_text css_animation=&#8221;bottom-to-top&#8221;]<\/p>\n<h3><strong>2. Zgoraj omenjeni mogo\u010di objekti morajo biti arhitekturno ter urbanisti\u010dno celoviti, enakega obsega, enakih materialov ter morajo vsebovati tehni\u010dne in estetske elemente.<\/strong><\/h3>\n<p>[\/vc_column_text][vc_empty_space height=&#8221;40px&#8221;][vc_column_text css_animation=&#8221;bottom-to-top&#8221;]<\/p>\n<h3><strong>3. Celotna povr\u0161ina turisti\u010dnega prostora ne sme presegati 2 ha.<\/strong><\/h3>\n<p>[\/vc_column_text][vc_empty_space height=&#8221;40px&#8221;][vc_column_text css_animation=&#8221;bottom-to-top&#8221;]<\/p>\n<h3><strong>4. Faktor izrabe zemlji\u0161\u010da je 0,3.<br \/>\n<\/strong><\/h3>\n<p>[\/vc_column_text][vc_empty_space height=&#8221;40px&#8221;][vc_column_text css_animation=&#8221;bottom-to-top&#8221;]<\/p>\n<h3><strong>5. Objekt ima lahko najve\u010d 2 eta\u017ei, ter po potrebi kletne prostore.<br \/>\n<\/strong><\/h3>\n<p>[\/vc_column_text][vc_empty_space height=&#8221;40px&#8221;][vc_column_text css_animation=&#8221;bottom-to-top&#8221;]<\/p>\n<h3><strong>6. Na ne zidanem delu zemlji\u0161\u010da mora biti 20% urejenih in zelenih povr\u0161in.<\/strong><\/h3>\n<p>&nbsp;<\/p>\n<p>[\/vc_column_text][vc_empty_space height=&#8221;40px&#8221;][vc_column_text]<\/p>\n<h3><strong>7. Objekt mora biti povezan z vsemi infrastrukturnimi in komunalnimi sistemi. \u010ce le-to ni mogo\u010de, se morajo priskrbeti lastni sistemi za oskrbo z elektriko in vodo. Dovoz do objekta mora biti urejen.<\/strong><\/h3>\n<p>&nbsp;<\/p>\n<p>[\/vc_column_text][vc_empty_space][vc_column_text css_animation=&#8221;bottom-to-top&#8221;]<\/p>\n<h3><strong>8. Vozila morajo biti znotraj zemlji\u0161\u010da, na pokritih povr\u0161inah<\/strong><\/h3>\n<p>[\/vc_column_text][vc_empty_space height=&#8221;40px&#8221;][vc_column_text css_animation=&#8221;bottom-to-top&#8221;]<\/p>\n<h3><strong>9. Najve\u010dja namestitvena zmogljivost objekta je 20 le\u017ei\u0161\u010d<br \/>\n<\/strong><\/h3>\n<p>[\/vc_column_text][vc_empty_space height=&#8221;40px&#8221;][vc_column_text css_animation=&#8221;bottom-to-top&#8221;]<\/p>\n<h3><strong>10. Etnografsko turisti\u010dni objekt se lahko ob kmetijskem gospodinjstvu formira kot dopolnilno dejavnost.<br \/>\n<\/strong><\/h3>\n<p>[\/vc_column_text][\/vc_column][\/vc_row][vc_row full_width=&#8221;stretch_row&#8221; full_height=&#8221;half_row_height&#8221; parallax=&#8221;yes&#8221; slider_images=&#8221;5383,5253,5251,5252&#8243; slider_timeout=&#8221;5&#8243; css=&#8221;.vc_custom_1554200129274{padding-top: 90px !important;padding-bottom: 90px !important;}&#8221; anchor_link=&#8221;unique&#8221;][vc_column][vc_column_text][\/vc_column_text][\/vc_column][\/vc_row][vc_row css=&#8221;.vc_custom_1551781356758{padding-top: 30px !important;padding-bottom: 30px !important;}&#8221; anchor_link=&#8221;kontakt&#8221;][vc_column][vc_empty_space height=&#8221;50px&#8221;][vc_column_text css_animation=&#8221;bottom-to-top&#8221;]<\/p>\n<h1 style=\"text-align: center;\">Kontaktirajte nas<\/h1>\n<p>[\/vc_column_text][vc_empty_space height=&#8221;40px&#8221;][vc_column_text css_animation=&#8221;bottom-to-top&#8221;]<\/p>\n<h3 style=\"text-align: center;\"><span class=\"tlid-translation translation\"><span class=\"\" title=\"\">V primeru kakr\u0161nihkoli vpra\u0161anj nas\u00a0 po\u0161ljite mail.<br \/>\n<\/span><\/span><\/h3>\n<h3 style=\"text-align: center;\"><span class=\"tlid-translation translation\"><span class=\"\" title=\"\">Nismo agencija !!!<br \/>\n<\/span><\/span><\/h3>\n<p>[\/vc_column_text][\/vc_column][\/vc_row][vc_row][vc_column][vc_column_text css_animation=&#8221;bottom-to-top&#8221;]<\/p>\n<h2 style=\"text-align: center;\"><strong>00 385 91 510 15 82<\/strong><\/h2>\n<p>[\/vc_column_text][vc_empty_space][vc_column_text css_animation=&#8221;bottom-to-top&#8221;]<\/p>\n<h2 style=\"text-align: center;\"><a href=\"mailto:info@landinistria.com\"><strong>info@landinistria.com<\/strong><\/a><\/h2>\n<p>[\/vc_column_text][\/vc_column][\/vc_row][vc_row][vc_column][vc_empty_space height=&#8221;50px&#8221;][\/vc_column][\/vc_row]<\/p>\n","protected":false},"excerpt":{"rendered":"<p>[vc_row full_width=&#8221;stretch_row&#8221; full_height=&#8221;full_row_height&#8221; equal_height=&#8221;yes&#8221; slider_images=&#8221;5253&#8243; slider_animation=&#8221;fadeZoom&#8221; slider_timeout=&#8221;8&#8243; overlay_color=&#8221;rgba(160,82,45,0.52)&#8221; css=&#8221;.vc_custom_1551785850095{padding-top: 90px !important;padding-bottom: 90px !important;}&#8221;][vc_column][vc_empty_space height=&#8221;15px&#8221;][vc_empty_space height=&#8221;15px&#8221;][vc_column_text css_animation=&#8221;bottom-to-top&#8221;] Zasebna oseba prodaja gradbeno turisti\u010dno zemlji\u0161\u010de v velikosti 10.000 m2 samo 26 km oddaljeno od Rabca [\/vc_column_text][vc_empty_space height=&#8221;15px&#8221;][vc_row_inner][vc_column_inner width=&#8221;1\/2&#8243;][vc_column_text] 00 385 91 510 15 82 [\/vc_column_text][\/vc_column_inner][vc_column_inner width=&#8221;1\/2&#8243;][vc_column_text] info@landinistria.com [\/vc_column_text][\/vc_column_inner][\/vc_row_inner][vc_empty_space height=&#8221;15px&#8221;][vc_btn title=&#8221;SAZNAJTE VI\u0160E&#8221; style=&#8221;classic&#8221; shape=&#8221;square&#8221; color=&#8221;black&#8221; size=&#8221;lg&#8221; align=&#8221;center&#8221; link=&#8221;url:%23video|||&#8221;][\/vc_column][\/vc_row][vc_row full_width=&#8221;stretch_row&#8221;<a class=\"read-more\" href=\"https:\/\/landinistria.com\/sl\/\">Continue reading <i class=\"fa fa-angle-right fa-lg\"><\/i><\/a><\/p>\n","protected":false},"author":1,"featured_media":0,"parent":0,"menu_order":0,"comment_status":"closed","ping_status":"closed","template":"","meta":{"footnotes":""},"yoast_head":"<!-- This site is optimized with the Yoast SEO plugin v21.2 - https:\/\/yoast.com\/wordpress\/plugins\/seo\/ -->\n<title>Prodaja zemlji\u0161\u010da v Istri<\/title>\n<meta name=\"description\" content=\"Prodamo gradbeno turisti\u010dno zemlji\u0161\u010de v Istri na odli\u010dni lokaciji 24 km od mora\" \/>\n<meta name=\"robots\" content=\"index, follow, max-snippet:-1, max-image-preview:large, max-video-preview:-1\" \/>\n<link rel=\"canonical\" href=\"https:\/\/landinistria.com\/sl\/\" \/>\n<meta property=\"og:locale\" content=\"sl_SI\" \/>\n<meta property=\"og:type\" content=\"article\" \/>\n<meta property=\"og:title\" content=\"Prodaja zemlji\u0161\u010da v Istri\" \/>\n<meta property=\"og:description\" content=\"Prodamo gradbeno turisti\u010dno zemlji\u0161\u010de v Istri na odli\u010dni lokaciji 24 km od mora\" \/>\n<meta property=\"og:url\" content=\"https:\/\/landinistria.com\/sl\/\" \/>\n<meta property=\"og:site_name\" content=\"Land for sale\" \/>\n<meta property=\"article:modified_time\" content=\"2019-08-22T10:25:26+00:00\" \/>\n<meta name=\"twitter:card\" content=\"summary_large_image\" \/>\n<meta name=\"twitter:label1\" content=\"Est. reading time\" \/>\n\t<meta name=\"twitter:data1\" content=\"6 minut\" \/>\n<script type=\"application\/ld+json\" class=\"yoast-schema-graph\">{\"@context\":\"https:\/\/schema.org\",\"@graph\":[{\"@type\":\"WebPage\",\"@id\":\"https:\/\/landinistria.com\/sl\/\",\"url\":\"https:\/\/landinistria.com\/sl\/\",\"name\":\"Prodaja zemlji\u0161\u010da v Istri\",\"isPartOf\":{\"@id\":\"https:\/\/landinistria.com\/#website\"},\"datePublished\":\"2016-02-05T13:23:59+00:00\",\"dateModified\":\"2019-08-22T10:25:26+00:00\",\"description\":\"Prodamo gradbeno turisti\u010dno zemlji\u0161\u010de v Istri na odli\u010dni lokaciji 24 km od mora\",\"breadcrumb\":{\"@id\":\"https:\/\/landinistria.com\/sl\/#breadcrumb\"},\"inLanguage\":\"sl-SI\",\"potentialAction\":[{\"@type\":\"ReadAction\",\"target\":[\"https:\/\/landinistria.com\/sl\/\"]}]},{\"@type\":\"BreadcrumbList\",\"@id\":\"https:\/\/landinistria.com\/sl\/#breadcrumb\",\"itemListElement\":[{\"@type\":\"ListItem\",\"position\":1,\"name\":\"Home\",\"item\":\"https:\/\/landinistria.com\/sl\/\"},{\"@type\":\"ListItem\",\"position\":2,\"name\":\"Home\"}]},{\"@type\":\"WebSite\",\"@id\":\"https:\/\/landinistria.com\/#website\",\"url\":\"https:\/\/landinistria.com\/\",\"name\":\"Land for sale\",\"description\":\"Land for sale in Istria, Croatia\",\"potentialAction\":[{\"@type\":\"SearchAction\",\"target\":{\"@type\":\"EntryPoint\",\"urlTemplate\":\"https:\/\/landinistria.com\/?s={search_term_string}\"},\"query-input\":\"required name=search_term_string\"}],\"inLanguage\":\"sl-SI\"}]}<\/script>\n<!-- \/ Yoast SEO plugin. -->","yoast_head_json":{"title":"Prodaja zemlji\u0161\u010da v Istri","description":"Prodamo gradbeno turisti\u010dno zemlji\u0161\u010de v Istri na odli\u010dni lokaciji 24 km od mora","robots":{"index":"index","follow":"follow","max-snippet":"max-snippet:-1","max-image-preview":"max-image-preview:large","max-video-preview":"max-video-preview:-1"},"canonical":"https:\/\/landinistria.com\/sl\/","og_locale":"sl_SI","og_type":"article","og_title":"Prodaja zemlji\u0161\u010da v Istri","og_description":"Prodamo gradbeno turisti\u010dno zemlji\u0161\u010de v Istri na odli\u010dni lokaciji 24 km od mora","og_url":"https:\/\/landinistria.com\/sl\/","og_site_name":"Land for sale","article_modified_time":"2019-08-22T10:25:26+00:00","twitter_card":"summary_large_image","twitter_misc":{"Est. reading time":"6 minut"},"schema":{"@context":"https:\/\/schema.org","@graph":[{"@type":"WebPage","@id":"https:\/\/landinistria.com\/sl\/","url":"https:\/\/landinistria.com\/sl\/","name":"Prodaja zemlji\u0161\u010da v Istri","isPartOf":{"@id":"https:\/\/landinistria.com\/#website"},"datePublished":"2016-02-05T13:23:59+00:00","dateModified":"2019-08-22T10:25:26+00:00","description":"Prodamo gradbeno turisti\u010dno zemlji\u0161\u010de v Istri na odli\u010dni lokaciji 24 km od mora","breadcrumb":{"@id":"https:\/\/landinistria.com\/sl\/#breadcrumb"},"inLanguage":"sl-SI","potentialAction":[{"@type":"ReadAction","target":["https:\/\/landinistria.com\/sl\/"]}]},{"@type":"BreadcrumbList","@id":"https:\/\/landinistria.com\/sl\/#breadcrumb","itemListElement":[{"@type":"ListItem","position":1,"name":"Home","item":"https:\/\/landinistria.com\/sl\/"},{"@type":"ListItem","position":2,"name":"Home"}]},{"@type":"WebSite","@id":"https:\/\/landinistria.com\/#website","url":"https:\/\/landinistria.com\/","name":"Land for sale","description":"Land for sale in Istria, Croatia","potentialAction":[{"@type":"SearchAction","target":{"@type":"EntryPoint","urlTemplate":"https:\/\/landinistria.com\/?s={search_term_string}"},"query-input":"required name=search_term_string"}],"inLanguage":"sl-SI"}]}},"_links":{"self":[{"href":"https:\/\/landinistria.com\/sl\/wp-json\/wp\/v2\/pages\/5351"}],"collection":[{"href":"https:\/\/landinistria.com\/sl\/wp-json\/wp\/v2\/pages"}],"about":[{"href":"https:\/\/landinistria.com\/sl\/wp-json\/wp\/v2\/types\/page"}],"author":[{"embeddable":true,"href":"https:\/\/landinistria.com\/sl\/wp-json\/wp\/v2\/users\/1"}],"replies":[{"embeddable":true,"href":"https:\/\/landinistria.com\/sl\/wp-json\/wp\/v2\/comments?post=5351"}],"version-history":[{"count":10,"href":"https:\/\/landinistria.com\/sl\/wp-json\/wp\/v2\/pages\/5351\/revisions"}],"predecessor-version":[{"id":5433,"href":"https:\/\/landinistria.com\/sl\/wp-json\/wp\/v2\/pages\/5351\/revisions\/5433"}],"wp:attachment":[{"href":"https:\/\/landinistria.com\/sl\/wp-json\/wp\/v2\/media?parent=5351"}],"curies":[{"name":"wp","href":"https:\/\/api.w.org\/{rel}","templated":true}]}}